{"id":18,"date":"2023-09-28T17:35:29","date_gmt":"2023-09-28T21:35:29","guid":{"rendered":"https:\/\/fundacionartedom.com\/jaimecolson\/?page_id=18"},"modified":"2023-09-30T17:53:26","modified_gmt":"2023-09-30T21:53:26","slug":"espanol","status":"publish","type":"page","link":"https:\/\/fundacionartedom.com\/jaimecolson\/espanol\/","title":{"rendered":"Espanol"},"content":{"rendered":"\t\t<div data-elementor-type=\"wp-page\" data-elementor-id=\"18\" class=\"elementor elementor-18\" data-elementor-post-type=\"page\">\n\t\t\t\t<div class=\"elementor-element elementor-element-be871f1 e-flex e-con-boxed e-con e-parent\" data-id=\"be871f1\" data-element_type=\"container\">\n\t\t\t\t\t<div class=\"e-con-inner\">\n\t\t\t\t<div class=\"elementor-element elementor-element-1e8269a elementor-widget elementor-widget-image\" data-id=\"1e8269a\" data-element_type=\"widget\" data-widget_type=\"image.default\">\n\t\t\t\t<div class=\"elementor-widget-container\">\n\t\t\t\t\t\t\t\t\t\t\t\t\t<img decoding=\"async\" width=\"360\" height=\"106\" src=\"https:\/\/fundacionartedom.com\/jaimecolson\/wp-content\/uploads\/2023\/09\/logo.png\" class=\"attachment-full size-full wp-image-35\" alt=\"\" srcset=\"https:\/\/fundacionartedom.com\/jaimecolson\/wp-content\/uploads\/2023\/09\/logo.png 360w, https:\/\/fundacionartedom.com\/jaimecolson\/wp-content\/uploads\/2023\/09\/logo-300x88.png 300w\" sizes=\"(max-width: 360px) 100vw, 360px\" \/>\t\t\t\t\t\t\t\t\t\t\t\t\t<\/div>\n\t\t\t\t<\/div>\n\t\t\t\t<div class=\"elementor-element elementor-element-25b7dbc elementor-widget elementor-widget-heading\" data-id=\"25b7dbc\" data-element_type=\"widget\" data-widget_type=\"heading.default\">\n\t\t\t\t<div class=\"elementor-widget-container\">\n\t\t\t<h2 class=\"elementor-heading-title elementor-size-default\">Jaime Colson<\/h2>\t\t<\/div>\n\t\t\t\t<\/div>\n\t\t\t\t<div class=\"elementor-element elementor-element-da86d3b elementor-widget elementor-widget-heading\" data-id=\"da86d3b\" data-element_type=\"widget\" data-widget_type=\"heading.default\">\n\t\t\t\t<div class=\"elementor-widget-container\">\n\t\t\t<h3 class=\"elementor-heading-title elementor-size-default\">\u201cNeoclasicismo y modernidad\u201d\n<\/h3>\t\t<\/div>\n\t\t\t\t<\/div>\n\t\t\t\t<div class=\"elementor-element elementor-element-18d6b1d elementor-widget elementor-widget-heading\" data-id=\"18d6b1d\" data-element_type=\"widget\" data-widget_type=\"heading.default\">\n\t\t\t\t<div class=\"elementor-widget-container\">\n\t\t\t<h3 class=\"elementor-heading-title elementor-size-default\">Un maestro dominicano universal<\/h3>\t\t<\/div>\n\t\t\t\t<\/div>\n\t\t\t\t\t<\/div>\n\t\t\t\t<\/div>\n\t\t<div class=\"elementor-element elementor-element-9e5aeca e-flex e-con-boxed e-con e-parent\" data-id=\"9e5aeca\" data-element_type=\"container\">\n\t\t\t\t\t<div class=\"e-con-inner\">\n\t\t<a class=\"elementor-element elementor-element-8fc2f39 e-con-full e-flex e-con e-child\" data-id=\"8fc2f39\" data-element_type=\"container\" data-settings=\"{&quot;background_background&quot;:&quot;classic&quot;}\" href=\"https:\/\/fundacionartedom.com\/jaimecolson\/wp-content\/uploads\/2023\/09\/ENSAYO-CRITICO-ES.pdf\" target=\"_blank\" rel=\"nofollow\" download=\"ENSAYO-CRITICO-ES.pdf\">\n\t\t\t\t<div class=\"elementor-element elementor-element-ed6e93e elementor-widget elementor-widget-image\" data-id=\"ed6e93e\" data-element_type=\"widget\" data-widget_type=\"image.default\">\n\t\t\t\t<div class=\"elementor-widget-container\">\n\t\t\t\t\t\t\t\t\t\t\t\t\t<img decoding=\"async\" width=\"68\" height=\"67\" src=\"https:\/\/fundacionartedom.com\/jaimecolson\/wp-content\/uploads\/2023\/09\/pdf.svg\" class=\"attachment-full size-full wp-image-37\" alt=\"\" \/>\t\t\t\t\t\t\t\t\t\t\t\t\t<\/div>\n\t\t\t\t<\/div>\n\t\t\t\t<div class=\"elementor-element elementor-element-f64f748 elementor-widget elementor-widget-heading\" data-id=\"f64f748\" data-element_type=\"widget\" data-widget_type=\"heading.default\">\n\t\t\t\t<div class=\"elementor-widget-container\">\n\t\t\t<h2 class=\"elementor-heading-title elementor-size-default\">Ensayo Cr\u00edtico<\/h2>\t\t<\/div>\n\t\t\t\t<\/div>\n\t\t\t\t<\/a>\n\t\t<a class=\"elementor-element elementor-element-08c7091 e-con-full e-flex e-con e-child\" data-id=\"08c7091\" data-element_type=\"container\" data-settings=\"{&quot;background_background&quot;:&quot;classic&quot;}\" href=\"https:\/\/fundacionartedom.com\/jaimecolson\/wp-content\/uploads\/2023\/09\/SINTESIS-BIOGRAFICA-ES.pdf\" target=\"_blank\" rel=\"nofollow\" download=\"SINTESIS-BIOGRAFICA-ES.pdf\">\n\t\t\t\t<div class=\"elementor-element elementor-element-e0eb46b elementor-widget elementor-widget-image\" data-id=\"e0eb46b\" data-element_type=\"widget\" data-widget_type=\"image.default\">\n\t\t\t\t<div class=\"elementor-widget-container\">\n\t\t\t\t\t\t\t\t\t\t\t\t\t<img decoding=\"async\" width=\"68\" height=\"67\" src=\"https:\/\/fundacionartedom.com\/jaimecolson\/wp-content\/uploads\/2023\/09\/pdf.svg\" class=\"attachment-full size-full wp-image-37\" alt=\"\" \/>\t\t\t\t\t\t\t\t\t\t\t\t\t<\/div>\n\t\t\t\t<\/div>\n\t\t\t\t<div class=\"elementor-element elementor-element-978ea0f elementor-widget elementor-widget-heading\" data-id=\"978ea0f\" data-element_type=\"widget\" data-widget_type=\"heading.default\">\n\t\t\t\t<div class=\"elementor-widget-container\">\n\t\t\t<h2 class=\"elementor-heading-title elementor-size-default\">S\u00edntesis Biogr\u00e1fica<\/h2>\t\t<\/div>\n\t\t\t\t<\/div>\n\t\t\t\t<\/a>\n\t\t\t\t\t<\/div>\n\t\t\t\t<\/div>\n\t\t\t\t<\/div>\n\t\t","protected":false},"excerpt":{"rendered":"<p>Jaime Colson \u201cNeoclasicismo y modernidad\u201d Un maestro dominicano universal Ensayo Cr\u00edtico S\u00edntesis Biogr\u00e1fica<\/p>\n","protected":false},"author":1,"featured_media":0,"parent":0,"menu_order":0,"comment_status":"closed","ping_status":"closed","template":"elementor_header_footer","meta":{"footnotes":""},"class_list":["post-18","page","type-page","status-publish","hentry"],"_links":{"self":[{"href":"https:\/\/fundacionartedom.com\/jaimecolson\/wp-json\/wp\/v2\/pages\/18","targetHints":{"allow":["GET"]}}],"collection":[{"href":"https:\/\/fundacionartedom.com\/jaimecolson\/wp-json\/wp\/v2\/pages"}],"about":[{"href":"https:\/\/fundacionartedom.com\/jaimecolson\/wp-json\/wp\/v2\/types\/page"}],"author":[{"embeddable":true,"href":"https:\/\/fundacionartedom.com\/jaimecolson\/wp-json\/wp\/v2\/users\/1"}],"replies":[{"embeddable":true,"href":"https:\/\/fundacionartedom.com\/jaimecolson\/wp-json\/wp\/v2\/comments?post=18"}],"version-history":[{"count":122,"href":"https:\/\/fundacionartedom.com\/jaimecolson\/wp-json\/wp\/v2\/pages\/18\/revisions"}],"predecessor-version":[{"id":273,"href":"https:\/\/fundacionartedom.com\/jaimecolson\/wp-json\/wp\/v2\/pages\/18\/revisions\/273"}],"wp:attachment":[{"href":"https:\/\/fundacionartedom.com\/jaimecolson\/wp-json\/wp\/v2\/media?parent=18"}],"curies":[{"name":"wp","href":"https:\/\/api.w.org\/{rel}","templated":true}]}}