{"id":89,"date":"2023-09-28T19:00:47","date_gmt":"2023-09-28T23:00:47","guid":{"rendered":"https:\/\/fundacionartedom.com\/jaimecolson\/?page_id=89"},"modified":"2023-09-30T17:56:20","modified_gmt":"2023-09-30T21:56:20","slug":"frances-2","status":"publish","type":"page","link":"https:\/\/fundacionartedom.com\/jaimecolson\/","title":{"rendered":"frances"},"content":{"rendered":"\t\t<div data-elementor-type=\"wp-page\" data-elementor-id=\"89\" class=\"elementor elementor-89\" data-elementor-post-type=\"page\">\n\t\t\t\t<div class=\"elementor-element elementor-element-4849d54 e-flex e-con-boxed e-con e-parent\" data-id=\"4849d54\" data-element_type=\"container\">\n\t\t\t\t\t<div class=\"e-con-inner\">\n\t\t\t\t<div class=\"elementor-element elementor-element-576f70c elementor-widget elementor-widget-image\" data-id=\"576f70c\" data-element_type=\"widget\" data-widget_type=\"image.default\">\n\t\t\t\t<div class=\"elementor-widget-container\">\n\t\t\t\t\t\t\t\t\t\t\t\t\t<img decoding=\"async\" width=\"360\" height=\"106\" src=\"https:\/\/fundacionartedom.com\/jaimecolson\/wp-content\/uploads\/2023\/09\/logo.png\" class=\"attachment-full size-full wp-image-35\" alt=\"\" srcset=\"https:\/\/fundacionartedom.com\/jaimecolson\/wp-content\/uploads\/2023\/09\/logo.png 360w, https:\/\/fundacionartedom.com\/jaimecolson\/wp-content\/uploads\/2023\/09\/logo-300x88.png 300w\" sizes=\"(max-width: 360px) 100vw, 360px\" \/>\t\t\t\t\t\t\t\t\t\t\t\t\t<\/div>\n\t\t\t\t<\/div>\n\t\t\t\t<div class=\"elementor-element elementor-element-8244153 elementor-widget elementor-widget-heading\" data-id=\"8244153\" data-element_type=\"widget\" data-widget_type=\"heading.default\">\n\t\t\t\t<div class=\"elementor-widget-container\">\n\t\t\t<h2 class=\"elementor-heading-title elementor-size-default\">Jaime Colson<\/h2>\t\t<\/div>\n\t\t\t\t<\/div>\n\t\t\t\t<div class=\"elementor-element elementor-element-fbe9625 elementor-widget elementor-widget-heading\" data-id=\"fbe9625\" data-element_type=\"widget\" data-widget_type=\"heading.default\">\n\t\t\t\t<div class=\"elementor-widget-container\">\n\t\t\t<h3 class=\"elementor-heading-title elementor-size-default\">\u201cN\u00e9oclasicisme et modernit\u00e9\u201d<\/h3>\t\t<\/div>\n\t\t\t\t<\/div>\n\t\t\t\t<div class=\"elementor-element elementor-element-6876162 elementor-widget elementor-widget-heading\" data-id=\"6876162\" data-element_type=\"widget\" data-widget_type=\"heading.default\">\n\t\t\t\t<div class=\"elementor-widget-container\">\n\t\t\t<h3 class=\"elementor-heading-title elementor-size-default\">Un ma\u00eetre dominicain universel<\/h3>\t\t<\/div>\n\t\t\t\t<\/div>\n\t\t\t\t\t<\/div>\n\t\t\t\t<\/div>\n\t\t<div class=\"elementor-element elementor-element-79227c3 e-flex e-con-boxed e-con e-parent\" data-id=\"79227c3\" data-element_type=\"container\">\n\t\t\t\t\t<div class=\"e-con-inner\">\n\t\t<a class=\"elementor-element elementor-element-1b7f3ed e-con-full e-flex e-con e-child\" data-id=\"1b7f3ed\" data-element_type=\"container\" data-settings=\"{&quot;background_background&quot;:&quot;classic&quot;}\" href=\"https:\/\/fundacionartedom.com\/jaimecolson\/wp-content\/uploads\/2023\/09\/ENSAYO-CRITICO-FR.pdf\" target=\"_blank\" rel=\"nofollow\" download=\"essai-francais.pdf\">\n\t\t\t\t<div class=\"elementor-element elementor-element-86b407c elementor-widget elementor-widget-image\" data-id=\"86b407c\" data-element_type=\"widget\" data-widget_type=\"image.default\">\n\t\t\t\t<div class=\"elementor-widget-container\">\n\t\t\t\t\t\t\t\t\t\t\t\t\t<img decoding=\"async\" width=\"68\" height=\"67\" src=\"https:\/\/fundacionartedom.com\/jaimecolson\/wp-content\/uploads\/2023\/09\/pdf.svg\" class=\"attachment-full size-full wp-image-37\" alt=\"\" \/>\t\t\t\t\t\t\t\t\t\t\t\t\t<\/div>\n\t\t\t\t<\/div>\n\t\t\t\t<div class=\"elementor-element elementor-element-8ec72a2 elementor-widget elementor-widget-heading\" data-id=\"8ec72a2\" data-element_type=\"widget\" data-widget_type=\"heading.default\">\n\t\t\t\t<div class=\"elementor-widget-container\">\n\t\t\t<h2 class=\"elementor-heading-title elementor-size-default\">Essai critique<\/h2>\t\t<\/div>\n\t\t\t\t<\/div>\n\t\t\t\t<\/a>\n\t\t<a class=\"elementor-element elementor-element-11c6183 e-con-full e-flex e-con e-child\" data-id=\"11c6183\" data-element_type=\"container\" data-settings=\"{&quot;background_background&quot;:&quot;classic&quot;}\" href=\"https:\/\/fundacionartedom.com\/jaimecolson\/wp-content\/uploads\/2023\/09\/SINTESIS-BIOGRAFICA-FR.pdf\" target=\"_blank\" rel=\"nofollow\" download=\"biographique-francais.pdf\">\n\t\t\t\t<div class=\"elementor-element elementor-element-ff0576c elementor-widget elementor-widget-image\" data-id=\"ff0576c\" data-element_type=\"widget\" data-widget_type=\"image.default\">\n\t\t\t\t<div class=\"elementor-widget-container\">\n\t\t\t\t\t\t\t\t\t\t\t\t\t<img decoding=\"async\" width=\"68\" height=\"67\" src=\"https:\/\/fundacionartedom.com\/jaimecolson\/wp-content\/uploads\/2023\/09\/pdf.svg\" class=\"attachment-full size-full wp-image-37\" alt=\"\" \/>\t\t\t\t\t\t\t\t\t\t\t\t\t<\/div>\n\t\t\t\t<\/div>\n\t\t\t\t<div class=\"elementor-element elementor-element-ba33e6a elementor-widget elementor-widget-heading\" data-id=\"ba33e6a\" data-element_type=\"widget\" data-widget_type=\"heading.default\">\n\t\t\t\t<div class=\"elementor-widget-container\">\n\t\t\t<h2 class=\"elementor-heading-title elementor-size-default\">R\u00e9sum\u00e9 biographique<\/h2>\t\t<\/div>\n\t\t\t\t<\/div>\n\t\t\t\t<\/a>\n\t\t\t\t\t<\/div>\n\t\t\t\t<\/div>\n\t\t\t\t<\/div>\n\t\t","protected":false},"excerpt":{"rendered":"<p>Jaime Colson \u201cN\u00e9oclasicisme et modernit\u00e9\u201d Un ma\u00eetre dominicain universel Essai critique R\u00e9sum\u00e9 biographique<\/p>\n","protected":false},"author":1,"featured_media":0,"parent":0,"menu_order":0,"comment_status":"closed","ping_status":"closed","template":"elementor_header_footer","meta":{"footnotes":""},"class_list":["post-89","page","type-page","status-publish","hentry"],"_links":{"self":[{"href":"https:\/\/fundacionartedom.com\/jaimecolson\/wp-json\/wp\/v2\/pages\/89","targetHints":{"allow":["GET"]}}],"collection":[{"href":"https:\/\/fundacionartedom.com\/jaimecolson\/wp-json\/wp\/v2\/pages"}],"about":[{"href":"https:\/\/fundacionartedom.com\/jaimecolson\/wp-json\/wp\/v2\/types\/page"}],"author":[{"embeddable":true,"href":"https:\/\/fundacionartedom.com\/jaimecolson\/wp-json\/wp\/v2\/users\/1"}],"replies":[{"embeddable":true,"href":"https:\/\/fundacionartedom.com\/jaimecolson\/wp-json\/wp\/v2\/comments?post=89"}],"version-history":[{"count":40,"href":"https:\/\/fundacionartedom.com\/jaimecolson\/wp-json\/wp\/v2\/pages\/89\/revisions"}],"predecessor-version":[{"id":276,"href":"https:\/\/fundacionartedom.com\/jaimecolson\/wp-json\/wp\/v2\/pages\/89\/revisions\/276"}],"wp:attachment":[{"href":"https:\/\/fundacionartedom.com\/jaimecolson\/wp-json\/wp\/v2\/media?parent=89"}],"curies":[{"name":"wp","href":"https:\/\/api.w.org\/{rel}","templated":true}]}}